{"id":72,"date":"2018-10-08T19:28:53","date_gmt":"2018-10-08T19:28:53","guid":{"rendered":"https:\/\/127.0.0.1\/wp2\/?page_id=72"},"modified":"2018-12-20T11:39:01","modified_gmt":"2018-12-20T11:39:01","slug":"acc-2015","status":"publish","type":"page","link":"https:\/\/akamodell-muenchen.de\/en\/projekte\/alte-projekte\/air-cargo-challenges\/acc-2015\/","title":{"rendered":"ACC 2015"},"content":{"rendered":"<h2>Air Cargo Challenge 2016<\/h2>\n<p>Wie alle zwei Jahre fand Anfang August ein studentischer Wettbewerb, die &#8222;Air Cargo Challenge&#8220;, statt.<\/p>\n<p><strong>Die &#8222;Air Cargo Challange&#8220;<\/strong><\/p>\n<p>Nach dem amerikanischen Vorbild \u201eDesign, Build and Fly\u201c rief die portugiesische Euroavia den Wettbewerb \u201eAir Cargo Challenge\u201c ins Leben.<\/p>\n<p>Ziel dessen ist es, ein Flugzeug zu entwickeln, welches m\u00f6glichst viel Nutzlast transportieren k\u00f6nnen soll. Die Feinheiten des Reglements werden jedes Mal vom Veranstalter, dem letztmaligen Sieger, festgelegt und unterscheiden sich von Wettbewerb zu Wettbewerb. So war dieses Jahr die Akamodell\/Euroavia Stuttgart an der Reihe den Wettbewerb auszutragen. Dieses mal haben sie sich ein besonderes Schmankerl einfallen lassen und die Flugaufgabe, die bisher aus<\/p>\n<ul>\n<li>mit m\u00f6glichst viel Nutzlast abheben<\/li>\n<li>nach einer Platzrunde unversehrt am Landefeld landen<\/li>\n<\/ul>\n<p>bestand, noch um eine Streckenflugaufgabe erweitert.<\/p>\n<p>Somit pr\u00e4sentierte sich das Hauptreglement folgenderma\u00dfen:<\/p>\n<p><em>Flugzeug:<\/em><\/p>\n<ul>\n<li>schwerer als Luft<\/li>\n<li>keine bewegliche Fl\u00fcgel<\/li>\n<li>Motor:\u00a0AXI Gold 2826\/10<\/li>\n<li>Propeller: 13*7 APC Sport<\/li>\n<li>Akku: 3s LiXX<\/li>\n<li>kein Getriebe<\/li>\n<li>muss zerlegt in eine Transportbox passen (1100 x 500 x 400 mm\u00b3)<\/li>\n<li>muss komplett aufgebaut in ein Quadrat mit 2,5m Seitenl\u00e4nge passen<\/li>\n<\/ul>\n<p><em>Flugaufgabe:<\/em><\/p>\n<ul>\n<li>Startstrecke: maximal 60 m<\/li>\n<li>30 s Zeit zum Steigen<\/li>\n<li>2 Min Zeit f\u00fcr Streckenflug<\/li>\n<li>100 m Streckenl\u00e4nge<\/li>\n<li>unversehrte Landung auf dem Flugfeld<\/li>\n<li>m\u00f6glichst hohe Nutzlast<\/li>\n<\/ul>\n<p><em>Wertung:<\/em><\/p>\n<p>1. Die &#8222;Design&#8220;- Wertung, bestehend aus einem technischen Bericht, einer Pr\u00e4sentation vor Ort und einer technischen Zeichnung des gesamten Flugzeugs<br \/>\n2. Die Flugwertung. Da diese dieses Mal aus zwei Teilen bestand (Nutzlast + geflogene Strecken) wurden die Gesamtpunkte nach dieser Formel errechnet:<\/p>\n<p>Punkte = (Nutzlast [kg] * 2) * (Strecken + a ) * b<\/p>\n<p>a = 2 f\u00fcr g\u00fcltigen Start und nichtg\u00fcltige Landung<\/p>\n<p>a = 3 f\u00fcr g\u00fcltigen Start und g\u00fcltige Landung<\/p>\n<p>b = 1 f\u00fcr einen g\u00fcltigen Flug ohne Absturz<\/p>\n<p>b = 0 f\u00fcr Absturz oder Flugzeug verliert Teile w\u00e4hrend des Flugs<\/p>\n<p>Bonuspunkte gibt es f\u00fcr eine korrekte Nutzlastvorhersage im Bericht und f\u00fcr eine sehr schnelle Beladung des Flugzeugs mit der Nutzlast.<\/p>\n<p>Nachdem wir an der ACC 2013 wegen unseres Speedprojektes &#8222;Tanto&#8220; nicht teilgenommen haben, wollten wir uns das neue erweiterte Reglement nicht entgehen lassen und haben im September 2014 beschlossen, wieder teilzunehmen.<\/p>\n<p>Zuerst haben wir das Reglement intensiv diskutiert und gepr\u00fcft, um einen Gesamt\u00fcberblick zu bekommen und sp\u00e4teren Problemen mit dem Reglement aus dem Weg zu gehen.<\/p>\n<p>Eine erste Analyse der Ergebnisformel zeigte, dass eine h\u00f6here Nutzlast mehr Punkte bringt, als eine h\u00f6here Anzahl geflogener Strecken.<\/p>\n<p>Zum Beginn des Designprozesses einigten wir uns auf eine konventionelle Flugzeugkonfiguration mit V-Leitwerk, zum einen weil unsere Berechnungsmethoden daf\u00fcr bereits bei den ACC 2011 und 2013 validiert wurden und zum anderen weil andere Konfigurationen keine Vorteile versprachen.<\/p>\n<p>Der n\u00e4chste Schritt sah das Programmieren einer Flugleistungssimulation mit Parametervariation vor. Dies sollte uns die optimalen Konfigurationsparameter (Fl\u00fcgelfl\u00e4che, Fl\u00fcgelstreckung, Fl\u00fcgelprofil, Verh\u00e4ltnis Fl\u00fcgel- zu H\u00f6henleitwerksfl\u00e4che&#8230;) aufzeigen.<\/p>\n<p>Die Simulation setzt sich aus mehreren Teilen zusammen und l\u00e4uft zusammengefasst folgenderma\u00dfen ab:<\/p>\n<p>1. Festlegung eines Parametersatzes<\/p>\n<p>2. Berechnung der Aerodynamik (welcher Auftrieb bei welcher Geschwindigkeit bei welchem Widerstand)<\/p>\n<p>3. Berechnung der Masse des Flugzeugs (welcher Fl\u00fcgelaufbau ist n\u00f6tig&#8230;)<\/p>\n<p>4. Simulation des Startes -&gt;maximale Nutzlast (mit wie viel Nutzlast hebt der Flieger noch innerhalb der 60m ab)<\/p>\n<p>5. Simulation des Streckenfluges -&gt;maximale Streckenanzahl (wie viel Strecken schafft der Flieger)<\/p>\n<p>Die ersten Ergebnisse waren f\u00fcr uns nicht \u00fcberraschend. Da durch das Reglement die maximale Spannweite festgesetzt ist (2,5 m Quadrat), musste die Fl\u00fcgelfl\u00e4che durch eine gr\u00f6\u00dfere Fl\u00fcgeltiefe erreicht werden, um eine Fl\u00e4chenbelastung vergleichbar mit vorangegangenen Wettbewerbsmodellen zu erreichen, die noch keiner Spannweitenlimitierung unterlagen.<\/p>\n<div>\n<p><a href=\"\/wp-content\/uploads\/2018\/12\/acc15__MG_4307.jpg\"><img loading=\"lazy\" decoding=\"async\" src=\"\/wp-content\/uploads\/2018\/12\/acc15__MG_4307.jpg\" alt=\"\" width=\"600\" height=\"400\" class=\"alignnone size-full wp-image-825\" srcset=\"https:\/\/akamodell-muenchen.de\/wp-content\/uploads\/2018\/12\/acc15__MG_4307.jpg 600w, https:\/\/akamodell-muenchen.de\/wp-content\/uploads\/2018\/12\/acc15__MG_4307-300x200.jpg 300w\" sizes=\"(max-width: 600px) 100vw, 600px\" \/><\/a><\/p>\n<div id=\"small-text\">Steffi in the Box 2,5 x 2,5 m<\/div>\n<\/div>\n<p>Die Parametervariation zeigte die h\u00f6chste Punktzahl bei Fl\u00fcgelfl\u00e4che gr\u00f6\u00dfer 2 m\u00b2 an.<\/p>\n<p>Somit ergab sich eine Fl\u00fcgelstreckung (Verh\u00e4ltnis von Spannweite zu mittlerer Fl\u00e4chentiefe) von ~6.<\/p>\n<p>Da der induzierte Widerstand auf Grund der geringen Streckung stark ansteigt, beschlossen wir ein Doppeldeckerkonzept mit der Simulation zu erproben. Bei gleicher Spannweite und Fl\u00fcgelfl\u00e4che ergibt sich (zumindest geometrisch) die doppelte Streckung.<\/p>\n<p>Wir benutzten die Ergebnisse einiger NACA-Reports, um die gegenseitige Beeinflussung der Tragfl\u00e4chen absch\u00e4tzen zu k\u00f6nnen und in der Simulation zu ber\u00fccksichtigen.<\/p>\n<p>Die Ergebnisse dieser Simulation waren vielversprechend. Nicht nur die maximale Punktzahl (sowohl Anzahl an Strecken als auch maximale Nutzlast), sondern auch das maximale Kurvenlastvielfache l\u00e4sst sich im Vergleich zum Eindecker steigern, was ein deutlich besseres Handling im Streckenflug liefert.<\/p>\n<p>Als bestes Fl\u00fcgelprofil stellte sich w\u00e4hrend der Simulationsl\u00e4ufe unser Profil von 2011, ein modifiziertes Selig S1223 heraus.<\/p>\n<p>Erstaunlicherweise lag die Fl\u00fcgelgeometrie von 2011 ebenso nahe an der Geometrie der optimalen Konfiguration.<\/p>\n<p>So fiel die Entscheidung, einen Doppeldecker zu bauen und daf\u00fcr die Fl\u00fcgelformen von 2011 zu verwenden. Dadurch ersparten wir uns erheblichen Arbeitsaufwand, da keine neuen Formen n\u00f6tig waren (immerhin mussten sechs Fl\u00fcgelteile gebaut werden!).<\/p>\n<p>Um im Streckenflug den sch\u00e4dlichen Widerstand weiter zu reduzieren und damit h\u00f6here Geschwindigkeiten erreichen zu k\u00f6nnen, wollten wir eine M\u00f6glichkeit vorsehen, um das Fl\u00fcgelprofil zu entw\u00f6lben.<\/p>\n<p>Das Selig-Profil wei\u00dft vor allem auch im hinteren erreich eine starke W\u00f6lbung auf, w\u00fcrde man es mit einer normalen Klappe entw\u00f6lben, erg\u00e4ben sich erhebliche Konturunstetigkeiten als L\u00f6sung hierf\u00fcr entwickelten wir eine zweifache Klappe, die durch eine relativ einfache Kinematik, nur \u00fcber ein Servo angesteuert werden kann. So entstehen nun deutlich geringere Unstetigkeiten am Profil.<\/p>\n<p>Damit stand unser Konzept fest:<\/p>\n<ul>\n<li>Doppeldecker<\/li>\n<\/ul>\n<ul>\n<li>Pendel-V-Leitwerk<\/li>\n<li>Doppelklappe an beiden Fl\u00fcgeln<\/li>\n<\/ul>\n<p>Der Aufbau der Struktur geschah in AkaModell-typischer Faserverbund-Sandwichbauweise \u2013 hierbei sei auf die Projekte der Vorjahre verwiesen.<\/p>\n<p>Das Konzept zur schnellen Fahrwerks und Payload-Anbindung via Schnappmechanismus wurde von 2011 \u00fcbernommen und nochmal verbessert und erwies sich als sehr zuverl\u00e4ssig!<\/p>\n<p>Einzig eine Payloadverkleidung wurde noch hinzugef\u00fcgt, die auch zugleich das Verdrehen des Flugzeugs gegen\u00fcber des Fahrwerks verhindern sollte. Die Relativbewegung zwischen Fahrwerk und Rumpf erwies sich 2011 als Problem.<\/p>\n<p>Mit dem fertigen Flugzeug, aka Steffi V2, verpackt in die vorgeschriebene Transportbox ging es so am Donnerstagabend nach Stuttgart. Nach einem herzlichen Empfang freute sich das Team nach den vorangegangenen n\u00e4chtlichen Bauaktionen auf eine erholsame Nachtruhe. Am n\u00e4chsten Morgen startete der Tagesablauf p\u00fcnktlich um 8.00 mit den Teampr\u00e4sentationen. Hier konnten wir vollauf punkten und platzierten uns nach der Pr\u00e4sentationsrunde (mit den Punkten aus Report und Bauwertung) am Ende des ersten Tages auf dem ersten Rang.<\/p>\n<div class=\"fotobox\">\n<p><a href=\"\/wp-content\/uploads\/2018\/12\/acc15__MG_4283.jpg\"><img loading=\"lazy\" decoding=\"async\" src=\"\/wp-content\/uploads\/2018\/12\/acc15__MG_4283.jpg\" alt=\"\" width=\"600\" height=\"400\" class=\"alignnone size-full wp-image-823\" srcset=\"https:\/\/akamodell-muenchen.de\/wp-content\/uploads\/2018\/12\/acc15__MG_4283.jpg 600w, https:\/\/akamodell-muenchen.de\/wp-content\/uploads\/2018\/12\/acc15__MG_4283-300x200.jpg 300w\" sizes=\"(max-width: 600px) 100vw, 600px\" \/><\/a><\/p>\n<div id=\"small-text\">Unser gesch\u00e4tzter Akamodeller Franz bei der Pr\u00e4sentation<\/div>\n<\/div>\n<p>Diesen Platz konnten wir auch am darauffolgenden Flugtag auf dem Platz des MFV B\u00f6blingen verteidigen. Dabei legte unser Team, was die Gewichtswertung, als auch die geflogenen Strecken anbelangte gut vor \u2013 und die \u00fcbrigen Teilnehmer hatten M\u00fche mitzuhalten.<\/p>\n<p>Am Sonntag blieben wir weiterhin in F\u00fchrung und konnten sogar das Maximale Payload Gewicht im gesamten Wettbewerb erfliegen. Jedoch arbeitet sich im Verlauf des Sonntags das Team unserer Kollegen aus Zagreb immer n\u00e4her an unseren Punktestand heran \u2013 und konnte uns schlie\u00dflich in einem \u201ealles oder nichts\u201c Wertungsflug im letzten Durchgang die F\u00fchrung abnehmen.<\/p>\n<div class=\"fotobox\">\n<p><a href=\"\/wp-content\/uploads\/2018\/12\/acc15__MG_4365.jpg\"><img loading=\"lazy\" decoding=\"async\" src=\"\/wp-content\/uploads\/2018\/12\/acc15__MG_4365.jpg\" alt=\"\" width=\"600\" height=\"400\" class=\"alignnone size-full wp-image-826\" srcset=\"https:\/\/akamodell-muenchen.de\/wp-content\/uploads\/2018\/12\/acc15__MG_4365.jpg 600w, https:\/\/akamodell-muenchen.de\/wp-content\/uploads\/2018\/12\/acc15__MG_4365-300x200.jpg 300w\" sizes=\"(max-width: 600px) 100vw, 600px\" \/><\/a><\/p>\n<div id=\"small-text\">Die Steffi w\u00e4hrend eines Wertungsflugs<\/div>\n<\/div>\n<p>Trotz einem hervorragenden zweiten Platz und einem grandiosem Gesamtergebnis blieb nat\u00fcrlich ein kleiner Wehrmutstropfen zur\u00fcck\u2013 w\u00e4hnten wir uns dem Sieg doch so nahe! Dem kroatischen Team k\u00f6nnen wir zum Sieg dennoch nur vollstens gratulieren \u2013 ein gut ausgelegtes Flugger\u00e4t, ein nervenstarker Pilot und volles Risiko beim letzten Flug verdienen unseren h\u00f6chsten Respekt.<\/p>\n<p>Schlussendlich stand jedoch nicht nur das wettkampfm\u00e4\u00dfige Messen mit Studienkollegen aus ganz Europa im Vordergrund \u2013 sondern auch das Pflegen alter- und das schlie\u00dfen neuer Freundschaften.<\/p>\n<div class=\"fotobox\">\n<p><a href=\"\/wp-content\/uploads\/2018\/12\/acc15__MG_4298.jpg\"><img loading=\"lazy\" decoding=\"async\" src=\"\/wp-content\/uploads\/2018\/12\/acc15__MG_4298.jpg\" alt=\"\" width=\"600\" height=\"400\" class=\"alignnone size-full wp-image-824\" srcset=\"https:\/\/akamodell-muenchen.de\/wp-content\/uploads\/2018\/12\/acc15__MG_4298.jpg 600w, https:\/\/akamodell-muenchen.de\/wp-content\/uploads\/2018\/12\/acc15__MG_4298-300x200.jpg 300w\" sizes=\"(max-width: 600px) 100vw, 600px\" \/><\/a><\/p>\n<div id=\"small-text\">Die Steffi w\u00e4hrend eines Wertungsflugs<\/div>\n<\/div>\n<p>Zusammenfassend war die Teilnahme an der Air Cargo Challenge 2015 nicht nur fachlich eine Herausforderung, sondern auch eine tolles Gemeinschaftserlebnis mit einem abschlie\u00dfenden, wunderbaren Wochenende in Stuttgart, das uns noch lange in Erinnerung bleiben wird!<\/p>","protected":false},"excerpt":{"rendered":"<p>Air Cargo Challenge 2016 Wie alle zwei Jahre fand Anfang August ein studentischer Wettbewerb, die &#8222;Air Cargo Challenge&#8220;, statt. Die &#8222;Air Cargo Challange&#8220; Nach dem amerikanischen Vorbild \u201eDesign, Build and Fly\u201c rief die portugiesische Euroavia den Wettbewerb \u201eAir Cargo Challenge\u201c ins Leben. Ziel dessen ist es, ein Flugzeug zu entwickeln, welches m\u00f6glichst viel Nutzlast transportieren [&hellip;]<\/p>","protected":false},"author":1,"featured_media":0,"parent":386,"menu_order":15,"comment_status":"closed","ping_status":"closed","template":"","meta":{"saved_in_kubio":false,"footnotes":""},"class_list":["post-72","page","type-page","status-publish","hentry"],"kubio_ai_page_context":{"short_desc":"","purpose":"general"},"_links":{"self":[{"href":"https:\/\/akamodell-muenchen.de\/en\/wp-json\/wp\/v2\/pages\/72","targetHints":{"allow":["GET"]}}],"collection":[{"href":"https:\/\/akamodell-muenchen.de\/en\/wp-json\/wp\/v2\/pages"}],"about":[{"href":"https:\/\/akamodell-muenchen.de\/en\/wp-json\/wp\/v2\/types\/page"}],"author":[{"embeddable":true,"href":"https:\/\/akamodell-muenchen.de\/en\/wp-json\/wp\/v2\/users\/1"}],"replies":[{"embeddable":true,"href":"https:\/\/akamodell-muenchen.de\/en\/wp-json\/wp\/v2\/comments?post=72"}],"version-history":[{"count":2,"href":"https:\/\/akamodell-muenchen.de\/en\/wp-json\/wp\/v2\/pages\/72\/revisions"}],"predecessor-version":[{"id":1378,"href":"https:\/\/akamodell-muenchen.de\/en\/wp-json\/wp\/v2\/pages\/72\/revisions\/1378"}],"up":[{"embeddable":true,"href":"https:\/\/akamodell-muenchen.de\/en\/wp-json\/wp\/v2\/pages\/386"}],"wp:attachment":[{"href":"https:\/\/akamodell-muenchen.de\/en\/wp-json\/wp\/v2\/media?parent=72"}],"curies":[{"name":"wp","href":"https:\/\/api.w.org\/{rel}","templated":true}]}}