{"id":78,"date":"2018-10-08T19:31:17","date_gmt":"2018-10-08T19:31:17","guid":{"rendered":"https:\/\/127.0.0.1\/wp2\/?page_id=78"},"modified":"2018-12-20T11:37:26","modified_gmt":"2018-12-20T11:37:26","slug":"acc-2011","status":"publish","type":"page","link":"https:\/\/akamodell-muenchen.de\/en\/projekte\/alte-projekte\/air-cargo-challenges\/acc-2011\/","title":{"rendered":"ACC 2011"},"content":{"rendered":"<h2>Air Cargo Challenge 2011 in Stuttgart<\/h2>\n<p>Schon im Herbst 2010 begannen die Vorbereitungen f\u00fcr den 2011 in Stuttgart ausgetragenen Studentenwettbewerb Air Cargo Challenge, das Team bestand traditionell aus Mitgliedern der studentischen Vereine EUROAVIA M\u00fcnchen und AkaModell M\u00fcnchen.<br \/>\nDamit sollte die TUM bereits zum dritten Mal am europ\u00e4ischen Gegenst\u00fcck zum amerikanischen &#8222;design, build and fly&#8220; teil nehmen, der dieses Jahr in Stuttgart ausgetragen wurde.<\/p>\n<div class=\"fotobox\"><a href=\"\/wp-content\/uploads\/2018\/12\/acc11_V2.jpg\"><img loading=\"lazy\" decoding=\"async\" class=\"alignnone size-full wp-image-822\" src=\"\/wp-content\/uploads\/2018\/12\/acc11_V2.jpg\" alt=\"\" width=\"600\" height=\"338\" srcset=\"https:\/\/akamodell-muenchen.de\/wp-content\/uploads\/2018\/12\/acc11_V2.jpg 600w, https:\/\/akamodell-muenchen.de\/wp-content\/uploads\/2018\/12\/acc11_V2-300x169.jpg 300w\" sizes=\"(max-width: 600px) 100vw, 600px\" \/><\/a><\/div>\n<p>Auch dieses mal bestand die Aufgabe darin, mit m\u00f6glichst viel Nutzlast abzuheben, bei einheitlicher Motorisierung aller Teams. Weitere Auflagen waren ein begrenztes Leergewicht von 1,8 kg, eine maximale Startstrecke von 60m und ein erfolgreicher<br \/>\nstatischer Stabilit\u00e4tstest. Erste Konzepte, wieder einen Doppeldecker zu bauen, oder einen Gleitschirmflieger zu bauen, waren nicht so vielversprechend wie eine konventionelle Konfiguration wie 2009, daher setzte das Designteam seine kreativen F\u00e4higkeiten an Detaill\u00f6sungen ein. So sollte die Beladetechnik so verbessert werden, dass m\u00f6glichst viele Bonuspunkte beim Beladen esammelt werden konnten. Erreicht wurde dies mit einem Fahrwerk, das separat beladen wurde und mit einem Schnappmechanismus in sekundenschnelle mit dem Flieger verbunden werden konnte. Um dieses zentrale Konzept sollte der Flieger praktisch au\u00dfen herum dazu designet werden. Berechnungen ergaben eine maximale Spannweite von 3,2 m mit einer rechnerischen Tragkraft von 9,0 kg. Das Profil wurde, basierend auf dem Selig 1223, von Christian R\u00f6\u00dfler entwickelt. Um den Bauvorgang zu vereinfachen, setzte man auf Zukaufteile bei den Leitwerken und dem Heckrohr. Absolut neu dagegen waren R\u00e4der aus Kohlefaser &#8211; Rovings, Federung der Nutzlast und der schon erw\u00e4hnte Belademachanismus am Fahrwerk. Alt bew\u00e4hrt hat sich bisher die Schalenbauweise aus Faserverbundmaterial, damit war \u201eTU eleven\u201c das einzige Team mit kompletter Bauweise aus Kohlefaser, Kevlar und Glasfaser; auf dem Wettbewerb vorherrschend war eindeutig Holzbauweise.<\/p>\n<div class=\"fotobox\"><a href=\"\/wp-content\/uploads\/2018\/12\/acc11_img_2055.jpg\"><img loading=\"lazy\" decoding=\"async\" src=\"\/wp-content\/uploads\/2018\/12\/acc11_img_2055.jpg\" alt=\"\" width=\"600\" height=\"400\" class=\"alignnone size-full wp-image-816\" srcset=\"https:\/\/akamodell-muenchen.de\/wp-content\/uploads\/2018\/12\/acc11_img_2055.jpg 600w, https:\/\/akamodell-muenchen.de\/wp-content\/uploads\/2018\/12\/acc11_img_2055-300x200.jpg 300w\" sizes=\"(max-width: 600px) 100vw, 600px\" \/><\/a><\/div>\n<div class=\"fotobox\"><div id=\"attachment_805\" style=\"width: 610px\" class=\"wp-caption alignnone\"><a href=\"\/wp-content\/uploads\/2018\/12\/acc11_2011-08-11-21_26_00.jpg\"><img loading=\"lazy\" decoding=\"async\" aria-describedby=\"caption-attachment-805\" src=\"\/wp-content\/uploads\/2018\/12\/acc11_2011-08-11-21_26_00.jpg\" alt=\"\" width=\"600\" height=\"450\" class=\"size-full wp-image-805\" srcset=\"https:\/\/akamodell-muenchen.de\/wp-content\/uploads\/2018\/12\/acc11_2011-08-11-21_26_00.jpg 600w, https:\/\/akamodell-muenchen.de\/wp-content\/uploads\/2018\/12\/acc11_2011-08-11-21_26_00-300x225.jpg 300w\" sizes=\"(max-width: 600px) 100vw, 600px\" \/><\/a><p id=\"caption-attachment-805\" class=\"wp-caption-text\">SAMSUNG<\/p><\/div><\/div>\n<div class=\"fotobox\"><div id=\"attachment_804\" style=\"width: 610px\" class=\"wp-caption alignnone\"><a href=\"\/wp-content\/uploads\/2018\/12\/acc11_2011-07-28-22_13_48.jpg\"><img loading=\"lazy\" decoding=\"async\" aria-describedby=\"caption-attachment-804\" src=\"\/wp-content\/uploads\/2018\/12\/acc11_2011-07-28-22_13_48.jpg\" alt=\"\" width=\"600\" height=\"450\" class=\"size-full wp-image-804\" srcset=\"https:\/\/akamodell-muenchen.de\/wp-content\/uploads\/2018\/12\/acc11_2011-07-28-22_13_48.jpg 600w, https:\/\/akamodell-muenchen.de\/wp-content\/uploads\/2018\/12\/acc11_2011-07-28-22_13_48-300x225.jpg 300w\" sizes=\"(max-width: 600px) 100vw, 600px\" \/><\/a><p id=\"caption-attachment-804\" class=\"wp-caption-text\">SAMSUNG<\/p><\/div><\/div>\n<p>Je n\u00e4her der Wettbewerb r\u00fcckte, desto mehr wurde am Flugzeug gearbeitet. Nachdem die Arbeit am CAD abgeschlossen war, konnte auf das Fr\u00e4sen \u00fcbergegangen werden. Erfreulicherweise erkl\u00e4rte sich die im Modellbaubereich sehr bekannte Firma STEP FOUR aus Salzburg bereit, ihre Fr\u00e4sen zur Verf\u00fcgung zu stellen. An dieser Stelle noch einmal vielen Dank f\u00fcr Rat und Tat! Bald waren alle 6 Tragfl\u00e4chenformen gefr\u00e4st und es konnte gebaut werden. Verz\u00f6gerungen im Zeitplan ergaben jedoch, dass erst wenige Wochen vor dem Wettbewerb mit dem Bau begonnen wurde. Zus\u00e4tzlich machten Trennfehler der Formen den AkaModellern zu schaffen, letztendlich mussten s\u00e4mtliche Teile des Fliegers doppelt gefertigt werden. Besonders erfreulich war die Gewichtseinsch\u00e4tzung, mit 1,72 kg Gewicht ohne Nutzlast war der Flieger leichter als erwartet, was vor allem der Auswertung<br \/>\ndes Gewichts von Bauteilen von 2009 zu verdanken war.<\/p>\n<div class=\"fotobox\"><a href=\"\/wp-content\/uploads\/2018\/12\/acc11_Takeoff-Unterschleissheim.jpg\"><img loading=\"lazy\" decoding=\"async\" src=\"\/wp-content\/uploads\/2018\/12\/acc11_Takeoff-Unterschleissheim.jpg\" alt=\"\" width=\"600\" height=\"404\" class=\"alignnone size-full wp-image-821\" srcset=\"https:\/\/akamodell-muenchen.de\/wp-content\/uploads\/2018\/12\/acc11_Takeoff-Unterschleissheim.jpg 600w, https:\/\/akamodell-muenchen.de\/wp-content\/uploads\/2018\/12\/acc11_Takeoff-Unterschleissheim-300x202.jpg 300w\" sizes=\"(max-width: 600px) 100vw, 600px\" \/><\/a><\/div>\n<div class=\"fotobox\"><div id=\"attachment_807\" style=\"width: 610px\" class=\"wp-caption alignnone\"><a href=\"\/wp-content\/uploads\/2018\/12\/acc11_2011-08-13-15_14_05.jpg\"><img loading=\"lazy\" decoding=\"async\" aria-describedby=\"caption-attachment-807\" src=\"\/wp-content\/uploads\/2018\/12\/acc11_2011-08-13-15_14_05.jpg\" alt=\"\" width=\"600\" height=\"450\" class=\"size-full wp-image-807\" srcset=\"https:\/\/akamodell-muenchen.de\/wp-content\/uploads\/2018\/12\/acc11_2011-08-13-15_14_05.jpg 600w, https:\/\/akamodell-muenchen.de\/wp-content\/uploads\/2018\/12\/acc11_2011-08-13-15_14_05-300x225.jpg 300w\" sizes=\"(max-width: 600px) 100vw, 600px\" \/><\/a><p id=\"caption-attachment-807\" class=\"wp-caption-text\">SAMSUNG<\/p><\/div><\/div>\n<p>Die letzte Woche vor dem Wettbewerb arbeiteten einige Mitglieder unter Hochdruck an der Fertigstellung des Fliegers, besonders in Erinnerung bleiben dabei sicherlich die n\u00e4chtlichen Rollversuche auf dem Parkplatz der Universit\u00e4t. Am Abend vor der Abfahrt<br \/>\nnach Stuttgart wurde der Jungfernflug absolviert, bei denen das Modell, das \u201egerade einmal\u201c mit 3 kg beladen wurde, auf dem Parkplatz kurz abhob und wieder unsanft aufsetzte. Ohne gr\u00f6\u00dfere Sch\u00e4den war jedoch die n\u00e4chtliche Reparaturaktion problemlos<br \/>\nerfolgt, w\u00e4hrend dessen befanden sich schon die Teammitglieder der EUROAVIA M\u00fcnchen auf dem Weg nach Stuttgart. Am Morgen darauf wurde zum Sonnenaufgang der erste richtige Flug angesetzt, welcher auch als Beweis der Flugf\u00e4higkeit auf Video<br \/>\naufgezeichnet wurde. Das Flugzeug, das mittlerweile auf den Namen \u201eSteffi\u201c getauft worden war, flog hervorragend und konnte nach einer sanften Landung im noch etwas nassen Gras eingepackt, und augenblicklich nach Stuttgart gebracht werden.<\/p>\n<p>Genauso spannend wie die letzten Tage der Bauphase war nat\u00fcrlich der eigentliche Wettbewerb. Bei der technischen Abnahme konnte man bereits erste neugierige Blicke auf andere Flieger werfen, sowie f\u00fcr das eigene Modell ernten. Zur technischen Abnahme geh\u00f6rte dabei auch ein erster statischer Belastungstest, der eine echte Probe f\u00fcr die Nerven des M\u00fcnchner Teams darstellen sollte. Mit einer Last von 7,9 kg Stahl als Nutzlast bogen sich die filigranen Tragfl\u00e4chen der \u201eSteffi\u201c bereits furchterregend und unter leisem knacksen weit durch, doch sollte sie auf dem Flugfeld bei einem zweiten Test sogar 9,0 kg verkraften k\u00f6nnen. Die Pr\u00e4sentation des Flugzeugs vor einer Jury, sowie der Abschlussbericht, brachten dem Team der TUM einen Platz im Mittelfeld ein, dadurch war umso mehr auf hervorragende Flugleistungen zu hoffen. Am n\u00e4chsten Tag, Samstag, fanden dann die hei\u00df erwarteten ersten Runden des eigentlichen Flugwettbewerbs statt.<br \/>\nVon 22 anwesenden Teams traten 21 Teams an, eine Mannschaft hatte leider ihr Modell bei einem Testflug verloren. Die Testrunde zeigte bereits deutlich, welche Teams Chancen auf das Treppchen hatten, ganz vorn dabei waren nat\u00fcrlich auch die Studenten aus China. Der erste Wertungsflug wurde nach einem erfolgreichen Testflug gleich mit den maximal m\u00f6glichen 7,9 kg Nutzlast durchgef\u00fchrt, nach der ersten Runde konnte das Team \u201eTU eleven\u201c sich damit sogar den ersten Platz sichern, als entscheidenden Vorteil ist sicher anzuf\u00fchren, dass bis dato keine Strafpunkte gesammelt wurden und die Taktik zur Beladung voll aufging. In unter 9 Sekunden wurden knapp 8 kg Stahl auf das Fahrwerk geladen und der Flieger flugfertig zusammengesteckt, einer neuen Spitzenzeit! Trug man nun das beladene und insgesamt 9,7 kg schwere Flugzeug, so wollte man kaum glauben, dass ein solches Gebilde tats\u00e4chlich in der Lage war, sich in die Luft zu erheben. Sogleich folgte die zweite Runde, in der selbstsicher, aber mit Bedacht auf die Berechnungen, 9,0 kg als Nutzlast angek\u00fcndigt wurden. Beim 2. Wertungsflug f\u00fchrten dann letzendlich Schwierigkeiten wegen der elastischen Verbindung zwischen Fahrwerk und Rumpf zum Schlingern, wodurch nicht gen\u00fcgend Geschwindigkeit zum Abheben erreicht werden konnte. Ein zweiter Startversuch gelang dann doch, aber der Flieger hob leider 2 m nach der 60 m Markierung ab, wodurch der Start ung\u00fcltig wurde. Die niedrige Geschwindigkeit des Flugzeugs wurde in der ersten Kurve dann so gering, dass die Str\u00f6mung abriss und zu einem verh\u00e4ngnisvollem Absturz f\u00fchrte.<br \/>\nDen Tagessieg und neue F\u00fchrung der Gesamtwertung \u00fcbernahm das Team UBI aus Portugal, mit einem Flug mit 10 kg<br \/>\nNutzlast, das chinesische Team schaffte es bei den schwachen Windbedingungen nicht, ihr Flugzeug vor der 60m Marke<br \/>\nabzuheben, woraufhin auch deren Flug ung\u00fcltig war. Nat\u00fcrlich konnten alle M\u00fcnchner Teammitglieder nicht durchatmen und sich \u00fcber einenguten zweiten Platz als Zwischenstand freuen, sondern reparierten eifrig unter Zuhilfenahme aller verf\u00fcgbaren Materialien das scheinbar v\u00f6llig zerst\u00f6rte Flugzeug, was dazu f\u00fchrte, dass die Transportbox aus Sperrholz kurzerhand<br \/>\nzers\u00e4gt wurde. Am n\u00e4chsten Morgen, nach einer n\u00e4chtlichen Rettungsaktion und p\u00fcnktlich zu Runde drei war \u201eSteffi\u201c wieder voll einsatzbereit. Das chinesische Team wollte im anstehenden Lauf unbedingt den zweiten Platz ergattern und pokerten mit einer Zuladung von 9,5 kg.<\/p>\n<div class=\"fotobox\"><a href=\"\/wp-content\/uploads\/2018\/12\/acc11_2011-08-14-14_18_27.jpg\"><img loading=\"lazy\" decoding=\"async\" src=\"\/wp-content\/uploads\/2018\/12\/acc11_2011-08-14-14_18_27.jpg\" alt=\"\" width=\"600\" height=\"80\" class=\"alignnone size-full wp-image-811\" srcset=\"https:\/\/akamodell-muenchen.de\/wp-content\/uploads\/2018\/12\/acc11_2011-08-14-14_18_27.jpg 600w, https:\/\/akamodell-muenchen.de\/wp-content\/uploads\/2018\/12\/acc11_2011-08-14-14_18_27-300x40.jpg 300w\" sizes=\"(max-width: 600px) 100vw, 600px\" \/><\/a><\/div>\n<div class=\"fotobox\"><div id=\"attachment_809\" style=\"width: 610px\" class=\"wp-caption alignnone\"><a href=\"\/wp-content\/uploads\/2018\/12\/acc11_2011-08-14-10_07_12.jpg\"><img loading=\"lazy\" decoding=\"async\" aria-describedby=\"caption-attachment-809\" src=\"\/wp-content\/uploads\/2018\/12\/acc11_2011-08-14-10_07_12.jpg\" alt=\"\" width=\"600\" height=\"450\" class=\"size-full wp-image-809\" srcset=\"https:\/\/akamodell-muenchen.de\/wp-content\/uploads\/2018\/12\/acc11_2011-08-14-10_07_12.jpg 600w, https:\/\/akamodell-muenchen.de\/wp-content\/uploads\/2018\/12\/acc11_2011-08-14-10_07_12-300x225.jpg 300w\" sizes=\"(max-width: 600px) 100vw, 600px\" \/><\/a><p id=\"caption-attachment-809\" class=\"wp-caption-text\">SAMSUNG<\/p><\/div><\/div>\n<div class=\"fotobox\"><a href=\"\/wp-content\/uploads\/2018\/12\/acc11_Absturz.jpg\"><img loading=\"lazy\" decoding=\"async\" src=\"\/wp-content\/uploads\/2018\/12\/acc11_Absturz.jpg\" alt=\"\" width=\"600\" height=\"338\" class=\"alignnone size-full wp-image-813\" srcset=\"https:\/\/akamodell-muenchen.de\/wp-content\/uploads\/2018\/12\/acc11_Absturz.jpg 600w, https:\/\/akamodell-muenchen.de\/wp-content\/uploads\/2018\/12\/acc11_Absturz-300x169.jpg 300w\" sizes=\"(max-width: 600px) 100vw, 600px\" \/><\/a><\/div>\n<div class=\"fotobox\"><a href=\"\/wp-content\/uploads\/2018\/12\/acc11_p1110420.jpg\"><img loading=\"lazy\" decoding=\"async\" src=\"\/wp-content\/uploads\/2018\/12\/acc11_p1110420.jpg\" alt=\"\" width=\"600\" height=\"450\" class=\"alignnone size-full wp-image-820\" srcset=\"https:\/\/akamodell-muenchen.de\/wp-content\/uploads\/2018\/12\/acc11_p1110420.jpg 600w, https:\/\/akamodell-muenchen.de\/wp-content\/uploads\/2018\/12\/acc11_p1110420-300x225.jpg 300w\" sizes=\"(max-width: 600px) 100vw, 600px\" \/><\/a><\/div>\n<div class=\"fotobox\"><div id=\"attachment_808\" style=\"width: 610px\" class=\"wp-caption alignnone\"><a href=\"\/wp-content\/uploads\/2018\/12\/acc11_2011-08-13-22_42_02.jpg\"><img loading=\"lazy\" decoding=\"async\" aria-describedby=\"caption-attachment-808\" src=\"\/wp-content\/uploads\/2018\/12\/acc11_2011-08-13-22_42_02.jpg\" alt=\"\" width=\"600\" height=\"450\" class=\"size-full wp-image-808\" srcset=\"https:\/\/akamodell-muenchen.de\/wp-content\/uploads\/2018\/12\/acc11_2011-08-13-22_42_02.jpg 600w, https:\/\/akamodell-muenchen.de\/wp-content\/uploads\/2018\/12\/acc11_2011-08-13-22_42_02-300x225.jpg 300w\" sizes=\"(max-width: 600px) 100vw, 600px\" \/><\/a><p id=\"caption-attachment-808\" class=\"wp-caption-text\">SAMSUNG<\/p><\/div><\/div>\n<p>Wie vor jedem Flug stand das Wiegen des Flugzeug-Gesamtgewichts und der neue statische Belastungstest an. Bemerkenswert war sicherlich, dass trotz Reparatur das Leergewicht unter 1,8 kg geblieben ist, und somit keine Strafpunkte anfielen. Dieses Mal<br \/>\nnur noch mit 8,7 kg versuchte \u201eTU eleven\u201c, noch die letzten m\u00f6glichen Punkte aus dem Modell zu holen, doch trotz vielversprechendem Aussehen scheiterte die Tragfl\u00e4che am Belastungstest und knickte ein. Weitere Reparaturen wuden zwar umgehend eingeleitet, um in Runde vier noch eine Chance auf einen guten Flug zu erhalten. Der Wind wurde st\u00e4rker und ein Gewitter zog auf den Austragungsort Malmsheim zu, sodass die vierte Runde abgebrochen werden musste, zum Verdruss des chinesischen Teams, welches in Runde drei \u00fcber die Startbahn hinausgeschossen war und damit einen ung\u00fcltigen Flug<br \/>\nerzielt hatte. UBI hatte derweil mit einem sagenhaften Flug 11 kg Nutzlast scheinbar m\u00fchelos vom Boden gehoben und die F\u00fchrung damit ausgebaut. Wie bereits 2009, konnte sich das Team der EUROAVIA M\u00fcnchen und der AkaModell M\u00fcnchen den zweiten Platz sichern. Erster Regen und starker Wind befl\u00fcgelten alle Studenten, das gesamte Flugfeld abzubauen und in einer beispiellosen Zusammenarbeit wurde gemeinsam aufger\u00e4umt. Ein spannender Wettbewerb von Anfang bis zum Ende<\/p>\n<div class=\"fotobox\"><a href=\"\/wp-content\/uploads\/2018\/12\/acc11_2011-08-14-10_49_34.jpg\"><img loading=\"lazy\" decoding=\"async\" src=\"\/wp-content\/uploads\/2018\/12\/acc11_2011-08-14-10_49_34.jpg\" alt=\"\" width=\"600\" height=\"88\" class=\"alignnone size-full wp-image-810\" srcset=\"https:\/\/akamodell-muenchen.de\/wp-content\/uploads\/2018\/12\/acc11_2011-08-14-10_49_34.jpg 600w, https:\/\/akamodell-muenchen.de\/wp-content\/uploads\/2018\/12\/acc11_2011-08-14-10_49_34-300x44.jpg 300w\" sizes=\"(max-width: 600px) 100vw, 600px\" \/><\/a><\/div>\n<div class=\"fotobox\"><a href=\"\/wp-content\/uploads\/2018\/12\/acc11_2011-08-14-15_20_51.jpg\"><img loading=\"lazy\" decoding=\"async\" src=\"\/wp-content\/uploads\/2018\/12\/acc11_2011-08-14-15_20_51.jpg\" alt=\"\" width=\"600\" height=\"77\" class=\"alignnone size-full wp-image-812\" srcset=\"https:\/\/akamodell-muenchen.de\/wp-content\/uploads\/2018\/12\/acc11_2011-08-14-15_20_51.jpg 600w, https:\/\/akamodell-muenchen.de\/wp-content\/uploads\/2018\/12\/acc11_2011-08-14-15_20_51-300x39.jpg 300w\" sizes=\"(max-width: 600px) 100vw, 600px\" \/><\/a><\/div>\n<div class=\"fotobox\"><a href=\"\/wp-content\/uploads\/2018\/12\/acc11_Fertiges_Bild.jpg\"><img loading=\"lazy\" decoding=\"async\" src=\"\/wp-content\/uploads\/2018\/12\/acc11_Fertiges_Bild.jpg\" alt=\"\" width=\"600\" height=\"450\" class=\"alignnone size-full wp-image-815\" srcset=\"https:\/\/akamodell-muenchen.de\/wp-content\/uploads\/2018\/12\/acc11_Fertiges_Bild.jpg 600w, https:\/\/akamodell-muenchen.de\/wp-content\/uploads\/2018\/12\/acc11_Fertiges_Bild-300x225.jpg 300w\" sizes=\"(max-width: 600px) 100vw, 600px\" \/><\/a><\/div>\n<p>In diesem Sinne wollen wir auf einen erfolgreichen, unvergesslichen aber auch Spa\u00df bereitenden Wettbewerb zur\u00fcckblicken und unseren Sponsoren Kontronik, Step Four und Airbus herzlich danken.<\/p>\n<p>\u00dcbrigens: Nach dem gemeinsamen Abendessen aller Teams und der Siegerehrung verabschiedeten sich die Studenten voneinander, und oft war zu h\u00f6ren: \u201eSee you 2013 in Portugal!\u201c4<\/p>","protected":false},"excerpt":{"rendered":"<p>Air Cargo Challenge 2011 in Stuttgart Schon im Herbst 2010 begannen die Vorbereitungen f\u00fcr den 2011 in Stuttgart ausgetragenen Studentenwettbewerb Air Cargo Challenge, das Team bestand traditionell aus Mitgliedern der studentischen Vereine EUROAVIA M\u00fcnchen und AkaModell M\u00fcnchen. Damit sollte die TUM bereits zum dritten Mal am europ\u00e4ischen Gegenst\u00fcck zum amerikanischen &#8222;design, build and fly&#8220; teil [&hellip;]<\/p>","protected":false},"author":1,"featured_media":0,"parent":386,"menu_order":11,"comment_status":"closed","ping_status":"closed","template":"","meta":{"saved_in_kubio":false,"footnotes":""},"class_list":["post-78","page","type-page","status-publish","hentry"],"kubio_ai_page_context":{"short_desc":"","purpose":"general"},"_links":{"self":[{"href":"https:\/\/akamodell-muenchen.de\/en\/wp-json\/wp\/v2\/pages\/78","targetHints":{"allow":["GET"]}}],"collection":[{"href":"https:\/\/akamodell-muenchen.de\/en\/wp-json\/wp\/v2\/pages"}],"about":[{"href":"https:\/\/akamodell-muenchen.de\/en\/wp-json\/wp\/v2\/types\/page"}],"author":[{"embeddable":true,"href":"https:\/\/akamodell-muenchen.de\/en\/wp-json\/wp\/v2\/users\/1"}],"replies":[{"embeddable":true,"href":"https:\/\/akamodell-muenchen.de\/en\/wp-json\/wp\/v2\/comments?post=78"}],"version-history":[{"count":2,"href":"https:\/\/akamodell-muenchen.de\/en\/wp-json\/wp\/v2\/pages\/78\/revisions"}],"predecessor-version":[{"id":1369,"href":"https:\/\/akamodell-muenchen.de\/en\/wp-json\/wp\/v2\/pages\/78\/revisions\/1369"}],"up":[{"embeddable":true,"href":"https:\/\/akamodell-muenchen.de\/en\/wp-json\/wp\/v2\/pages\/386"}],"wp:attachment":[{"href":"https:\/\/akamodell-muenchen.de\/en\/wp-json\/wp\/v2\/media?parent=78"}],"curies":[{"name":"wp","href":"https:\/\/api.w.org\/{rel}","templated":true}]}}